{"id":2,"date":"2020-01-09T18:01:30","date_gmt":"2020-01-09T17:01:30","guid":{"rendered":"http:\/\/www.kaliplac.fr\/?page_id=2"},"modified":"2024-03-18T12:58:26","modified_gmt":"2024-03-18T11:58:26","slug":"page-d-exemple","status":"publish","type":"page","link":"https:\/\/www.kaliplac.fr\/?page_id=2","title":{"rendered":"Qui somme nous ?"},"content":{"rendered":"<p><strong>KALIPLAC<\/strong> SARL cr\u00e9\u00e9 le 29\/09\/2015<\/p>\n<p>Isolation, pl\u00e2trerie, peinture et menuiserie Sa\u00f4ne-et-Loire<\/p>\n<div class=\"_4bl9\">\n<div><strong>06 62 76 18 15<\/strong><\/div>\n<div><strong>sarlkaliplac@gmail.com<\/strong><\/div>\n<div>\u00a0<\/div>\n<div>G\u00e9rant: Laurent <strong>VALENTE<\/strong><\/div>\n<div><span class=\"_50f4\">Si\u00e8ge: Sennecey-Le-Grand Bourgogne<\/span><\/div>\n<\/div>\n\n\n<h2 class=\"wp-block-heading\">Isolation,  pl\u00e2trerie, peinture et menuiserie : confort et performance pour votre habitat<\/h2>\n\n\n\n<p><strong>Kaliplac <\/strong>est votre partenaire de confiance pour tous vos travaux d&rsquo;isolation, en neuf et en r\u00e9novation. Notre \u00e9quipe d&rsquo;artisans exp\u00e9riment\u00e9s est \u00e0 votre service pour vous garantir un travail de qualit\u00e9 irr\u00e9prochable et des r\u00e9sultats durables.<\/p>\n\n\n\n<p><strong>ISOLATION :<\/strong><\/p>\n\n\n\n<ul class=\"wp-block-list\">\n<li><strong>Combles, murs, sols :<\/strong> nous vous proposons des solutions d&rsquo;isolation adapt\u00e9es \u00e0 vos besoins et \u00e0 votre budget, pour am\u00e9liorer votre confort thermique et r\u00e9duire vos factures d&rsquo;\u00e9nergie.<\/li>\n\n\n\n<li><strong>Mat\u00e9riaux performants et \u00e9co-responsables :<\/strong> nous utilisons des mat\u00e9riaux isolants de derni\u00e8re g\u00e9n\u00e9ration, respectueux de l&rsquo;environnement et de votre sant\u00e9.<\/li>\n<\/ul>\n\n\n\n<p><strong>PL\u00c2TRERIE :<\/strong><\/p>\n\n\n\n<ul class=\"wp-block-list\">\n<li><strong>Am\u00e9nagement int\u00e9rieur :<\/strong> cr\u00e9ation de cloisons, doublages, plafonds, etc.<\/li>\n\n\n\n<li><strong>Finitions soign\u00e9es :<\/strong> lissage, bandes, peinture, etc.<\/li>\n<\/ul>\n\n\n\n<p><strong>MENUISERIE :<\/strong><\/p>\n\n\n\n<ul class=\"wp-block-list\">\n<li><strong>Pose de fen\u00eatres, portes, volets, etc.<\/strong><\/li>\n\n\n\n<li><strong>Bois, PVC, aluminium :<\/strong> large choix de mat\u00e9riaux et de styles pour r\u00e9pondre \u00e0 vos envies.<\/li>\n<\/ul>\n\n\n\n<p><strong>Nos engagements :<\/strong><\/p>\n\n\n\n<ul class=\"wp-block-list\">\n<li><strong>Devis gratuit et personnalis\u00e9<\/strong><\/li>\n\n\n\n<li><strong>Respect des d\u00e9lais et du budget<\/strong><\/li>\n\n\n\n<li><strong>Chantier propre et s\u00e9curis\u00e9<\/strong><\/li>\n\n\n\n<li><strong>Garantie d\u00e9cennale<\/strong><\/li>\n<\/ul>\n\n\n\n<p><strong>N&rsquo;h\u00e9sitez pas \u00e0 nous contacter pour obtenir plus d&rsquo;informations ou un devis gratuit.<\/strong><\/p>\n\n\n\n<p>Le confort et la performance pour votre habitat.<\/p>\n","protected":false},"excerpt":{"rendered":"<p>KALIPLAC SARL cr\u00e9\u00e9 le 29\/09\/2015 Isolation, pl\u00e2trerie, peinture et menuiserie Sa\u00f4ne-et-Loire 06 62 76 18 15 sarlkaliplac@gmail.com \u00a0 G\u00e9rant: Laurent VALENTE Si\u00e8ge: Sennecey-Le-Grand Bourgogne Isolation, pl\u00e2trerie, peinture et menuiserie : confort et performance pour votre habitat Kaliplac est votre partenaire de confiance pour tous vos travaux d&rsquo;isolation, en neuf et en r\u00e9novation. Notre \u00e9quipe d&rsquo;artisans &hellip; <a href=\"https:\/\/www.kaliplac.fr\/?page_id=2\" class=\"more-link\">Continuer la lecture de <span class=\"screen-reader-text\">Qui somme nous ?<\/span>  <span class=\"meta-nav\">&rarr;<\/span><\/a><\/p>\n","protected":false},"author":1,"featured_media":0,"parent":0,"menu_order":0,"comment_status":"closed","ping_status":"open","template":"","meta":{"footnotes":""},"class_list":["post-2","page","type-page","status-publish","hentry"],"_links":{"self":[{"href":"https:\/\/www.kaliplac.fr\/index.php?rest_route=\/wp\/v2\/pages\/2","targetHints":{"allow":["GET"]}}],"collection":[{"href":"https:\/\/www.kaliplac.fr\/index.php?rest_route=\/wp\/v2\/pages"}],"about":[{"href":"https:\/\/www.kaliplac.fr\/index.php?rest_route=\/wp\/v2\/types\/page"}],"author":[{"embeddable":true,"href":"https:\/\/www.kaliplac.fr\/index.php?rest_route=\/wp\/v2\/users\/1"}],"replies":[{"embeddable":true,"href":"https:\/\/www.kaliplac.fr\/index.php?rest_route=%2Fwp%2Fv2%2Fcomments&post=2"}],"version-history":[{"count":10,"href":"https:\/\/www.kaliplac.fr\/index.php?rest_route=\/wp\/v2\/pages\/2\/revisions"}],"predecessor-version":[{"id":93,"href":"https:\/\/www.kaliplac.fr\/index.php?rest_route=\/wp\/v2\/pages\/2\/revisions\/93"}],"wp:attachment":[{"href":"https:\/\/www.kaliplac.fr\/index.php?rest_route=%2Fwp%2Fv2%2Fmedia&parent=2"}],"curies":[{"name":"wp","href":"https:\/\/api.w.org\/{rel}","templated":true}]}}